{"id":16,"date":"2013-12-17T20:04:37","date_gmt":"2013-12-17T19:04:37","guid":{"rendered":"http:\/\/hoffmeier.info\/?page_id=16"},"modified":"2014-01-05T22:36:46","modified_gmt":"2014-01-05T21:36:46","slug":"standort-wochenmarkt","status":"publish","type":"page","link":"http:\/\/hoffmeier.info\/?page_id=16","title":{"rendered":"Standort Wochenmarkt"},"content":{"rendered":"<p>Unser Stand befindet sich auf dem Marktplatz in der Stuttgarter Innenstadt am unteren Ende der Schulstra\u00dfe.<\/p>\n<p><a href=\"http:\/\/hoffmeier.info\/wp-content\/uploads\/2014\/01\/WP_20140102_10_48_33_Pro.jpg\"><img loading=\"lazy\" class=\"aligncenter size-large wp-image-23\" alt=\"WP_20140102_10_48_33_Pro\" src=\"http:\/\/hoffmeier.info\/wp-content\/uploads\/2014\/01\/WP_20140102_10_48_33_Pro-1024x576.jpg\" width=\"474\" height=\"266\" srcset=\"http:\/\/hoffmeier.info\/wp-content\/uploads\/2014\/01\/WP_20140102_10_48_33_Pro-1024x576.jpg 1024w, http:\/\/hoffmeier.info\/wp-content\/uploads\/2014\/01\/WP_20140102_10_48_33_Pro-300x168.jpg 300w\" sizes=\"(max-width: 474px) 100vw, 474px\" \/><\/a><\/p>\n<p>Bei Verlegung auf die K\u00f6nigstra\u00dfe sind wir an der Kreuzung Neue Br\u00fccke und K\u00f6nigstra\u00dfe \u00a0f\u00fcr Sie da.<\/p>\n<p><a href=\"http:\/\/hoffmeier.info\/wp-content\/uploads\/2013\/12\/WP_20131217_09_03_20_Pro.jpg\"><img loading=\"lazy\" class=\"aligncenter size-large wp-image-17\" alt=\"WP_20131217_09_03_20_Pro\" src=\"http:\/\/hoffmeier.info\/wp-content\/uploads\/2013\/12\/WP_20131217_09_03_20_Pro-1024x576.jpg\" width=\"474\" height=\"266\" srcset=\"http:\/\/hoffmeier.info\/wp-content\/uploads\/2013\/12\/WP_20131217_09_03_20_Pro-1024x576.jpg 1024w, http:\/\/hoffmeier.info\/wp-content\/uploads\/2013\/12\/WP_20131217_09_03_20_Pro-300x168.jpg 300w\" sizes=\"(max-width: 474px) 100vw, 474px\" \/><\/a><\/p>\n","protected":false},"excerpt":{"rendered":"<p>Unser Stand befindet sich auf dem Marktplatz in der Stuttgarter Innenstadt am unteren Ende der Schulstra\u00dfe. Bei Verlegung auf die K\u00f6nigstra\u00dfe sind wir an der Kreuzung Neue Br\u00fccke und K\u00f6nigstra\u00dfe \u00a0f\u00fcr Sie da.<\/p>\n","protected":false},"author":1,"featured_media":0,"parent":0,"menu_order":0,"comment_status":"closed","ping_status":"open","template":"","meta":[],"_links":{"self":[{"href":"http:\/\/hoffmeier.info\/index.php?rest_route=\/wp\/v2\/pages\/16"}],"collection":[{"href":"http:\/\/hoffmeier.info\/index.php?rest_route=\/wp\/v2\/pages"}],"about":[{"href":"http:\/\/hoffmeier.info\/index.php?rest_route=\/wp\/v2\/types\/page"}],"author":[{"embeddable":true,"href":"http:\/\/hoffmeier.info\/index.php?rest_route=\/wp\/v2\/users\/1"}],"replies":[{"embeddable":true,"href":"http:\/\/hoffmeier.info\/index.php?rest_route=%2Fwp%2Fv2%2Fcomments&post=16"}],"version-history":[{"count":2,"href":"http:\/\/hoffmeier.info\/index.php?rest_route=\/wp\/v2\/pages\/16\/revisions"}],"predecessor-version":[{"id":24,"href":"http:\/\/hoffmeier.info\/index.php?rest_route=\/wp\/v2\/pages\/16\/revisions\/24"}],"wp:attachment":[{"href":"http:\/\/hoffmeier.info\/index.php?rest_route=%2Fwp%2Fv2%2Fmedia&parent=16"}],"curies":[{"name":"wp","href":"https:\/\/api.w.org\/{rel}","templated":true}]}}